{"id":2025,"date":"2023-04-25T12:30:17","date_gmt":"2023-04-25T12:30:17","guid":{"rendered":"https:\/\/harrietcamacho.com\/aviso-legal\/"},"modified":"2023-05-31T09:31:12","modified_gmt":"2023-05-31T09:31:12","slug":"aviso-legal","status":"publish","type":"page","link":"https:\/\/harrietcamacho.com\/en\/aviso-legal\/","title":{"rendered":"Legal Notice"},"content":{"rendered":"\t\t<div data-elementor-type=\"wp-page\" data-elementor-id=\"2025\" class=\"elementor elementor-2025 elementor-502\" data-elementor-post-type=\"page\">\n\t\t\t\t\t\t<section class=\"elementor-section elementor-top-section elementor-element elementor-element-4f998276 elementor-section-boxed elementor-section-height-default elementor-section-height-default\" data-id=\"4f998276\" data-element_type=\"section\">\n\t\t\t\t\t\t<div class=\"elementor-container elementor-column-gap-default\">\n\t\t\t\t\t<div class=\"elementor-column elementor-col-100 elementor-top-column elementor-element elementor-element-1cdd949f\" data-id=\"1cdd949f\" data-element_type=\"column\">\n\t\t\t<div class=\"elementor-widget-wrap elementor-element-populated\">\n\t\t\t\t\t\t<div class=\"elementor-element elementor-element-677fd047 elementor-widget elementor-widget-heading\" data-id=\"677fd047\" data-element_type=\"widget\" data-widget_type=\"heading.default\">\n\t\t\t\t<div class=\"elementor-widget-container\">\n\t\t\t\t\t<h1 class=\"elementor-heading-title elementor-size-default\">Legal Notice<\/h1>\t\t\t\t<\/div>\n\t\t\t\t<\/div>\n\t\t\t\t<div class=\"elementor-element elementor-element-7a000b5e avisos elementor-widget elementor-widget-text-editor\" data-id=\"7a000b5e\" data-element_type=\"widget\" data-widget_type=\"text-editor.default\">\n\t\t\t\t<div class=\"elementor-widget-container\">\n\t\t\t\t\t\t\t\t\t<p>Est\u00e1s en un espacio comprometido con los derechos de sus usuarios y por esta raz\u00f3n, tendr\u00e1s m\u00e1xima transparencia y rigor sobre todo que necesitas saber sobre esta web.<\/p>\n<p>Esta web cumple rigurosamente con la Ley Org\u00e1nica 3\/2018, de 5 de diciembre, de Protecci\u00f3n de Datos Personales y garant\u00eda de los derechos digitales (LOPDGDD). Cumple tambi\u00e9n con el Reglamento (UE) 2016\/679 del Parlamento Europeo y del Consejo de 27 de abril de 2016 relativo a la protecci\u00f3n de las personas f\u00edsicas (RGPD), as\u00ed como con la Ley 34\/2002, de 11 de julio, de Servicios de la Sociedad de la Informaci\u00f3n y Comercio Electr\u00f3nico (LSSICE o LSSI).<\/p>\n<p>Los servicios y\/o productos est\u00e1n disponibles s\u00f3lo para las personas jur\u00eddicas y las personas que tengan 16 a\u00f1os.<\/p>\n<h2>Identificador del responsable de la web<\/h2>\n<ul>\n<li><strong>Denominaci\u00f3n social: <\/strong>Harriet Heather Camacho Ba\u00f1os<span style=\"color: var( --e-global-color-primary ); font-style: inherit; font-weight: inherit;\"> <\/span><\/li>\n<li><strong>NIF: <\/strong>50904088M<\/li>\n<li><strong>Correo electr\u00f3nico: <\/strong>harriet@harrietcamacho.com<\/li>\n<li><strong>Domicilio social: <\/strong>Urbanizaci\u00f3n Los Enebros, 12, Collado Villalba. 28400 Madrid<\/li>\n<li><strong>Su actividad social es: <\/strong>Arquitecto<\/li>\n<\/ul>\n\t\t\t\t\t\t\t\t<\/div>\n\t\t\t\t<\/div>\n\t\t\t\t<div class=\"elementor-element elementor-element-38067a0b avisos elementor-widget elementor-widget-text-editor\" data-id=\"38067a0b\" data-element_type=\"widget\" data-widget_type=\"text-editor.default\">\n\t\t\t\t<div class=\"elementor-widget-container\">\n\t\t\t\t\t\t\t\t\t<h2>\u00bfTe preocupan tus datos personales?<\/h2>\n<p>Lee la <a href=\"https:\/\/eesinformacion.com\/politica-privacidad\/\">Pol\u00edtica de Privacidad<\/a>. <\/p>\n<h2>Compromisos y obligaciones de los usuarios<\/h2>\n<p>El usuario queda informado, y acepta, que el acceso a la presente web no supone, en modo alguno, el inicio de una relaci\u00f3n comercial con Harriet Camacho Arquitecta. De esta forma, el usuario se compromete a utilizar el sitio web, sus servicios y contenidos sin contravenir la legislaci\u00f3n vigente, la buena fe y el orden p\u00fablico.<\/p>\n<p>Queda prohibido el uso de la web, con fines il\u00edcitos o lesivos, o que, de cualquier forma, puedan causar perjuicio o impedir el normal funcionamiento del sitio web. Respecto de los contenidos de esta web, se proh\u00edbe:<\/p>\n<ul>\n<li>Su reproducci\u00f3n, distribuci\u00f3n o modificaci\u00f3n, total o parcial, a menos que se cuente con mi autorizaci\u00f3n como leg\u00edtimo titular.<\/li>\n<li>Cualquier vulneraci\u00f3n de los derechos del prestador o de mi como leg\u00edtimo titular.<\/li>\n<li>Su utilizaci\u00f3n para fines comerciales o publicitarios.<\/li>\n<\/ul>\n<p>En la utilizaci\u00f3n de la web harrietcamacho.com el usuario se compromete a no llevar a cabo ninguna conducta que pudiera da\u00f1ar la imagen, los intereses y los derechos de Harriet Camacho Arquitecta o de terceros, o que pudiera da\u00f1ar, inutilizar o sobrecargar el portal harrietcamacho.com, o que impidiera, de cualquier forma, la normal utilizaci\u00f3n de la web.<\/p>\n<p>No obstante, el usuario debe ser consciente de que las medidas de seguridad de los sistemas inform\u00e1ticos en Internet no son enteramente fiables y que, por tanto, harrietcamacho.com no puede garantizar la inexistencia de malware u otros elementos que puedan producir alteraciones en los sistemas inform\u00e1ticos (software y hardware) del usuario o en sus documentos electr\u00f3nicos y ficheros contenidos en los mismos, aunque pongo todos los medios necesarios y las medidas de seguridad oportunas para evitar la presencia de estos elementos da\u00f1inos.<\/p>\n<h2>Medidas de seguridad<\/h2>\n<p>Los datos personales comunicados por el usuario a Harriet Camacho Arquitecta pueden ser almacenados en bases de datos automatizadas o no, cuya titularidad corresponde en exclusiva a Harriet Heather Camacho Ba\u00f1os, asumiendo \u00e9sta todas las medidas de \u00edndole t\u00e9cnica, organizativa y de seguridad que garantizan la confidencialidad, integridad y calidad de la informaci\u00f3n contenida en las mismas de acuerdo con lo establecido en la normativa vigente en protecci\u00f3n de datos.<\/p>\n<p>La comunicaci\u00f3n entre los usuarios y harrietcamacho.com utiliza un canal seguro, y los datos transmitidos son cifrados gracias al protocolo https, por tanto, dispongo las mejores condiciones de seguridad para que la confidencialidad de los usuarios est\u00e9 garantizada.<\/p>\n<h2>Plataforma de resoluci\u00f3n de conflictos<\/h2>\n<p>Pongo tambi\u00e9n a disposici\u00f3n de los usuarios la plataforma de resoluci\u00f3n de litigios que facilita la Comisi\u00f3n Europea y que se encuentra disponible en el siguiente enlace: <a href=\"http:\/\/ec.europa.eu\/consumers\/odr\/\">http:\/\/ec.europa.eu\/consumers\/odr\/<\/a> <\/p>\n<p><span style=\"color: var( --e-global-color-18b2dc1 ); font-size: 28px;\">Enlaces externos<\/span><\/p>\n<p>Las p\u00e1ginas de la web harrietcamacho.com proporcionan enlaces a otros sitios web propios y contenidos que son propiedad de terceros tales como:<\/p>\n<ul>\n<li>Google<\/li>\n<li>El Pa\u00eds<\/li>\n<li>El Mundo<\/li>\n<li>Wikipedia<\/li>\n<\/ul>\n<p>El \u00fanico objeto de los enlaces es proporcionar al usuario la posibilidad de acceder a dichos enlaces.<\/p>\n<p><span style=\"color: var( --e-global-color-primary );\">Harriet Camacho Arquitecta<\/span> no se responsabiliza en ning\u00fan caso de los resultados que puedan derivarse al usuario por acceso a dichos enlaces.<\/p>\n<p>Asimismo, el usuario encontrar\u00e1 dentro de este sitio, p\u00e1ginas, promociones, programas de afiliados que acceden a los h\u00e1bitos de navegaci\u00f3n de los usuarios para establecer perfiles. Esta informaci\u00f3n siempre es an\u00f3nima y no se identifica al usuario.<\/p>\n<p>La informaci\u00f3n que se proporcione en estos sitios patrocinados o enlaces de afiliados <strong>est\u00e1 sujeta a las pol\u00edticas de privacidad que se utilicen en dichos sitios<\/strong> y no estar\u00e1 sujeta a nuestra Pol\u00edtica de Privacidad. Por lo que recomiendo ampliamente a los usuarios revisar detalladamente las pol\u00edticas de privacidad de los enlaces de afiliados.<\/p>\n<h2>Exclusi\u00f3n de garant\u00edas y responsable<\/h2>\n<p><span style=\"color: var( --e-global-color-primary );\">Harriet Camacho Arquitecta<\/span> no otorga ninguna garant\u00eda ni se hace responsable, en ning\u00fan caso, de los da\u00f1os y perjuicios de cualquier naturaleza que pudieran traer causa de:<\/p>\n<ul>\n<li>La falta de disponibilidad, mantenimiento y efectivo funcionamiento de la web, o de sus servicios y contenidos.<\/li>\n<li>La existencia de malware, programas maliciosos o lesivos en los contenidos.<\/li>\n<li>El uso il\u00edcito, negligente, fraudulento o contrario a este Aviso Legal.<\/li>\n<li>La falta de licitud, calidad, fiabilidad, utilidad y disponibilidad de los servicios prestados por terceros y puestos a disposici\u00f3n de los usuarios en el sitio web.<\/li>\n<li>El prestador no se hace responsable bajo ning\u00fan concepto de los da\u00f1os que pudieran dimanar del uso ilegal o indebido de la presente p\u00e1gina web.<\/li>\n<\/ul>\n<h2>Ley aplicable y jurisdicci\u00f3n<\/h2>\n<p>Con car\u00e1cter general las relaciones entre Harriet Camacho Arquitecta y los usuarios de sus servicios telem\u00e1ticos presentes en esta web, se encuentran sometidas a la legislaci\u00f3n y jurisdicci\u00f3n espa\u00f1olas y a los tribunales de Madrid.<\/p>\n<p>En caso de que cualquier usuario tuviese alguna duda acerca de las condiciones de este Aviso Legal o cualquier comentario sobre el portal harrietcamacho.com, por favor dir\u00edjase a harriet@harrietcamacho.com.<\/p>\n<p>El Aviso Legal ha sido actualizado por \u00faltima vez el [current_date].<\/p>\n\t\t\t\t\t\t\t\t<\/div>\n\t\t\t\t<\/div>\n\t\t\t\t\t<\/div>\n\t\t<\/div>\n\t\t\t\t\t<\/div>\n\t\t<\/section>\n\t\t\t\t<\/div>\n\t\t","protected":false},"excerpt":{"rendered":"<p>Legal Notice Est\u00e1s en un espacio comprometido con los derechos de sus usuarios y por esta raz\u00f3n, tendr\u00e1s m\u00e1xima transparencia y rigor sobre todo que necesitas saber sobre esta web. Esta web cumple rigurosamente con la Ley Org\u00e1nica 3\/2018, de 5 de diciembre, de Protecci\u00f3n de Datos Personales y garant\u00eda de los derechos digitales (LOPDGDD). [&hellip;]<\/p>\n","protected":false},"author":1,"featured_media":0,"parent":0,"menu_order":0,"comment_status":"closed","ping_status":"closed","template":"elementor_header_footer","meta":{"site-sidebar-layout":"no-sidebar","site-content-layout":"page-builder","ast-site-content-layout":"","site-content-style":"default","site-sidebar-style":"default","ast-global-header-display":"","ast-banner-title-visibility":"","ast-main-header-display":"","ast-hfb-above-header-display":"","ast-hfb-below-header-display":"","ast-hfb-mobile-header-display":"","site-post-title":"disabled","ast-breadcrumbs-content":"","ast-featured-img":"disabled","footer-sml-layout":"","theme-transparent-header-meta":"default","adv-header-id-meta":"","stick-header-meta":"","header-above-stick-meta":"","header-main-stick-meta":"","header-below-stick-meta":"","astra-migrate-meta-layouts":"default","ast-page-background-enabled":"default","ast-page-background-meta":{"desktop":{"background-color":"var(--ast-global-color-4)","background-image":"","background-repeat":"repeat","background-position":"center center","background-size":"auto","background-attachment":"scroll","background-type":"","background-media":"","overlay-type":"","overlay-color":"","overlay-opacity":"","overlay-gradient":""},"tablet":{"background-color":"","background-image":"","background-repeat":"repeat","background-position":"center center","background-size":"auto","background-attachment":"scroll","background-type":"","background-media":"","overlay-type":"","overlay-color":"","overlay-opacity":"","overlay-gradient":""},"mobile":{"background-color":"","background-image":"","background-repeat":"repeat","background-position":"center center","background-size":"auto","background-attachment":"scroll","background-type":"","background-media":"","overlay-type":"","overlay-color":"","overlay-opacity":"","overlay-gradient":""}},"ast-content-background-meta":{"desktop":{"background-color":"var(--ast-global-color-5)","background-image":"","background-repeat":"repeat","background-position":"center center","background-size":"auto","background-attachment":"scroll","background-type":"","background-media":"","overlay-type":"","overlay-color":"","overlay-opacity":"","overlay-gradient":""},"tablet":{"background-color":"var(--ast-global-color-5)","background-image":"","background-repeat":"repeat","background-position":"center center","background-size":"auto","background-attachment":"scroll","background-type":"","background-media":"","overlay-type":"","overlay-color":"","overlay-opacity":"","overlay-gradient":""},"mobile":{"background-color":"var(--ast-global-color-5)","background-image":"","background-repeat":"repeat","background-position":"center center","background-size":"auto","background-attachment":"scroll","background-type":"","background-media":"","overlay-type":"","overlay-color":"","overlay-opacity":"","overlay-gradient":""}},"footnotes":""},"class_list":["post-2025","page","type-page","status-publish","hentry"],"yoast_head":"<!-- This site is optimized with the Yoast SEO plugin v24.3 - https:\/\/yoast.com\/wordpress\/plugins\/seo\/ -->\n<title>Legal Notice | Estudio de Arquitectura Harriet Camacho<\/title>\n<meta name=\"robots\" content=\"noindex, nofollow\" \/>\n<meta property=\"og:locale\" content=\"en_US\" \/>\n<meta property=\"og:type\" content=\"article\" \/>\n<meta property=\"og:title\" content=\"Legal Notice | Estudio de Arquitectura Harriet Camacho\" \/>\n<meta property=\"og:description\" content=\"Legal Notice Est\u00e1s en un espacio comprometido con los derechos de sus usuarios y por esta raz\u00f3n, tendr\u00e1s m\u00e1xima transparencia y rigor sobre todo que necesitas saber sobre esta web. Esta web cumple rigurosamente con la Ley Org\u00e1nica 3\/2018, de 5 de diciembre, de Protecci\u00f3n de Datos Personales y garant\u00eda de los derechos digitales (LOPDGDD). [&hellip;]\" \/>\n<meta property=\"og:url\" content=\"https:\/\/harrietcamacho.com\/en\/aviso-legal\/\" \/>\n<meta property=\"og:site_name\" content=\"Estudio de Arquitectura Harriet Camacho\" \/>\n<meta property=\"article:modified_time\" content=\"2023-05-31T09:31:12+00:00\" \/>\n<meta property=\"og:image\" content=\"https:\/\/harrietcamacho.com\/wp-content\/uploads\/2023\/06\/harriet-desktop.png\" \/>\n\t<meta property=\"og:image:width\" content=\"1117\" \/>\n\t<meta property=\"og:image:height\" content=\"175\" \/>\n\t<meta property=\"og:image:type\" content=\"image\/png\" \/>\n<meta name=\"twitter:card\" content=\"summary_large_image\" \/>\n<meta name=\"twitter:label1\" content=\"Est. reading time\" \/>\n\t<meta name=\"twitter:data1\" content=\"6 minutes\" \/>\n<script type=\"application\/ld+json\" class=\"yoast-schema-graph\">{\"@context\":\"https:\/\/schema.org\",\"@graph\":[{\"@type\":\"WebPage\",\"@id\":\"https:\/\/harrietcamacho.com\/en\/aviso-legal\/\",\"url\":\"https:\/\/harrietcamacho.com\/en\/aviso-legal\/\",\"name\":\"Legal Notice | Estudio de Arquitectura Harriet Camacho\",\"isPartOf\":{\"@id\":\"https:\/\/harrietcamacho.com\/en\/#website\"},\"datePublished\":\"2023-04-25T12:30:17+00:00\",\"dateModified\":\"2023-05-31T09:31:12+00:00\",\"breadcrumb\":{\"@id\":\"https:\/\/harrietcamacho.com\/en\/aviso-legal\/#breadcrumb\"},\"inLanguage\":\"en-US\",\"potentialAction\":[{\"@type\":\"ReadAction\",\"target\":[\"https:\/\/harrietcamacho.com\/en\/aviso-legal\/\"]}]},{\"@type\":\"BreadcrumbList\",\"@id\":\"https:\/\/harrietcamacho.com\/en\/aviso-legal\/#breadcrumb\",\"itemListElement\":[{\"@type\":\"ListItem\",\"position\":1,\"name\":\"Inicio\",\"item\":\"https:\/\/harrietcamacho.com\/en\/\"},{\"@type\":\"ListItem\",\"position\":2,\"name\":\"Legal Notice\"}]},{\"@type\":\"WebSite\",\"@id\":\"https:\/\/harrietcamacho.com\/en\/#website\",\"url\":\"https:\/\/harrietcamacho.com\/en\/\",\"name\":\"Estudio de Arquitectura Harriet Camacho\",\"description\":\"Architecture Studio in Madrid\",\"publisher\":{\"@id\":\"https:\/\/harrietcamacho.com\/en\/#organization\"},\"alternateName\":\"Harriet Camacho Arquitecta\",\"potentialAction\":[{\"@type\":\"SearchAction\",\"target\":{\"@type\":\"EntryPoint\",\"urlTemplate\":\"https:\/\/harrietcamacho.com\/en\/?s={search_term_string}\"},\"query-input\":{\"@type\":\"PropertyValueSpecification\",\"valueRequired\":true,\"valueName\":\"search_term_string\"}}],\"inLanguage\":\"en-US\"},{\"@type\":\"Organization\",\"@id\":\"https:\/\/harrietcamacho.com\/en\/#organization\",\"name\":\"Estudio de Arquitectura Harriet Camacho\",\"alternateName\":\"Harriet Camacho Arquitecta\",\"url\":\"https:\/\/harrietcamacho.com\/en\/\",\"logo\":{\"@type\":\"ImageObject\",\"inLanguage\":\"en-US\",\"@id\":\"https:\/\/harrietcamacho.com\/en\/#\/schema\/logo\/image\/\",\"url\":\"https:\/\/harrietcamacho.com\/wp-content\/uploads\/2023\/04\/LOGO-WEB-1.png\",\"contentUrl\":\"https:\/\/harrietcamacho.com\/wp-content\/uploads\/2023\/04\/LOGO-WEB-1.png\",\"width\":1316,\"height\":228,\"caption\":\"Estudio de Arquitectura Harriet Camacho\"},\"image\":{\"@id\":\"https:\/\/harrietcamacho.com\/en\/#\/schema\/logo\/image\/\"}}]}<\/script>\n<!-- \/ Yoast SEO plugin. -->","yoast_head_json":{"title":"Legal Notice | Estudio de Arquitectura Harriet Camacho","robots":{"index":"noindex","follow":"nofollow"},"og_locale":"en_US","og_type":"article","og_title":"Legal Notice | Estudio de Arquitectura Harriet Camacho","og_description":"Legal Notice Est\u00e1s en un espacio comprometido con los derechos de sus usuarios y por esta raz\u00f3n, tendr\u00e1s m\u00e1xima transparencia y rigor sobre todo que necesitas saber sobre esta web. Esta web cumple rigurosamente con la Ley Org\u00e1nica 3\/2018, de 5 de diciembre, de Protecci\u00f3n de Datos Personales y garant\u00eda de los derechos digitales (LOPDGDD). [&hellip;]","og_url":"https:\/\/harrietcamacho.com\/en\/aviso-legal\/","og_site_name":"Estudio de Arquitectura Harriet Camacho","article_modified_time":"2023-05-31T09:31:12+00:00","og_image":[{"width":1117,"height":175,"url":"https:\/\/harrietcamacho.com\/wp-content\/uploads\/2023\/06\/harriet-desktop.png","type":"image\/png"}],"twitter_card":"summary_large_image","twitter_misc":{"Est. reading time":"6 minutes"},"schema":{"@context":"https:\/\/schema.org","@graph":[{"@type":"WebPage","@id":"https:\/\/harrietcamacho.com\/en\/aviso-legal\/","url":"https:\/\/harrietcamacho.com\/en\/aviso-legal\/","name":"Legal Notice | Estudio de Arquitectura Harriet Camacho","isPartOf":{"@id":"https:\/\/harrietcamacho.com\/en\/#website"},"datePublished":"2023-04-25T12:30:17+00:00","dateModified":"2023-05-31T09:31:12+00:00","breadcrumb":{"@id":"https:\/\/harrietcamacho.com\/en\/aviso-legal\/#breadcrumb"},"inLanguage":"en-US","potentialAction":[{"@type":"ReadAction","target":["https:\/\/harrietcamacho.com\/en\/aviso-legal\/"]}]},{"@type":"BreadcrumbList","@id":"https:\/\/harrietcamacho.com\/en\/aviso-legal\/#breadcrumb","itemListElement":[{"@type":"ListItem","position":1,"name":"Inicio","item":"https:\/\/harrietcamacho.com\/en\/"},{"@type":"ListItem","position":2,"name":"Legal Notice"}]},{"@type":"WebSite","@id":"https:\/\/harrietcamacho.com\/en\/#website","url":"https:\/\/harrietcamacho.com\/en\/","name":"Estudio de Arquitectura Harriet Camacho","description":"Architecture Studio in Madrid","publisher":{"@id":"https:\/\/harrietcamacho.com\/en\/#organization"},"alternateName":"Harriet Camacho Arquitecta","potentialAction":[{"@type":"SearchAction","target":{"@type":"EntryPoint","urlTemplate":"https:\/\/harrietcamacho.com\/en\/?s={search_term_string}"},"query-input":{"@type":"PropertyValueSpecification","valueRequired":true,"valueName":"search_term_string"}}],"inLanguage":"en-US"},{"@type":"Organization","@id":"https:\/\/harrietcamacho.com\/en\/#organization","name":"Estudio de Arquitectura Harriet Camacho","alternateName":"Harriet Camacho Arquitecta","url":"https:\/\/harrietcamacho.com\/en\/","logo":{"@type":"ImageObject","inLanguage":"en-US","@id":"https:\/\/harrietcamacho.com\/en\/#\/schema\/logo\/image\/","url":"https:\/\/harrietcamacho.com\/wp-content\/uploads\/2023\/04\/LOGO-WEB-1.png","contentUrl":"https:\/\/harrietcamacho.com\/wp-content\/uploads\/2023\/04\/LOGO-WEB-1.png","width":1316,"height":228,"caption":"Estudio de Arquitectura Harriet Camacho"},"image":{"@id":"https:\/\/harrietcamacho.com\/en\/#\/schema\/logo\/image\/"}}]}},"_links":{"self":[{"href":"https:\/\/harrietcamacho.com\/en\/wp-json\/wp\/v2\/pages\/2025","targetHints":{"allow":["GET"]}}],"collection":[{"href":"https:\/\/harrietcamacho.com\/en\/wp-json\/wp\/v2\/pages"}],"about":[{"href":"https:\/\/harrietcamacho.com\/en\/wp-json\/wp\/v2\/types\/page"}],"author":[{"embeddable":true,"href":"https:\/\/harrietcamacho.com\/en\/wp-json\/wp\/v2\/users\/1"}],"replies":[{"embeddable":true,"href":"https:\/\/harrietcamacho.com\/en\/wp-json\/wp\/v2\/comments?post=2025"}],"version-history":[{"count":5,"href":"https:\/\/harrietcamacho.com\/en\/wp-json\/wp\/v2\/pages\/2025\/revisions"}],"predecessor-version":[{"id":2209,"href":"https:\/\/harrietcamacho.com\/en\/wp-json\/wp\/v2\/pages\/2025\/revisions\/2209"}],"wp:attachment":[{"href":"https:\/\/harrietcamacho.com\/en\/wp-json\/wp\/v2\/media?parent=2025"}],"curies":[{"name":"wp","href":"https:\/\/api.w.org\/{rel}","templated":true}]}}